{"id":747,"date":"2021-02-01T20:52:11","date_gmt":"2021-02-01T20:52:11","guid":{"rendered":"https:\/\/divibanoscolombia.com\/php\/?page_id=747"},"modified":"2026-02-23T15:21:37","modified_gmt":"2026-02-23T15:21:37","slug":"cocinas-integrales-2","status":"publish","type":"page","link":"https:\/\/divibanoscolombia.com\/php\/cocinas-integrales-2\/","title":{"rendered":"Cocinas integrales"},"content":{"rendered":"<p>[et_pb_section fb_built=\u00bb1&#8243; fullwidth=\u00bbon\u00bb _builder_version=\u00bb4.16&#8243; _module_preset=\u00bbdefault\u00bb global_colors_info=\u00bb{}\u00bb][et_pb_fullwidth_image src=\u00bbhttps:\/\/divibanoscolombia.com\/php\/wp-content\/uploads\/2021\/02\/50687fec0b6b945e85031b4da4a5b25d.jpg\u00bb title_text=\u00bb50687fec0b6b945e85031b4da4a5b25d\u00bb _builder_version=\u00bb4.16&#8243; _module_preset=\u00bbdefault\u00bb global_colors_info=\u00bb{}\u00bb][\/et_pb_fullwidth_image][\/et_pb_section][et_pb_section fb_built=\u00bb1&#8243; admin_label=\u00bbPage Title Section\u00bb _builder_version=\u00bb4.16&#8243; background_color=\u00bb#ededed\u00bb background_color_gradient_direction=\u00bb115deg\u00bb background_enable_image=\u00bboff\u00bb background_position=\u00bbbottom_center\u00bb custom_padding=\u00bb0px||0px||false|false\u00bb global_colors_info=\u00bb{}\u00bb][et_pb_row _builder_version=\u00bb4.16&#8243; background_color=\u00bb#ff0101&#8243; background_size=\u00bbinitial\u00bb background_position=\u00bbtop_left\u00bb background_repeat=\u00bbrepeat\u00bb max_width=\u00bb960px\u00bb custom_margin=\u00bb|||0px\u00bb custom_padding=\u00bb27px|40px||10%\u00bb animation_style=\u00bbslide\u00bb animation_direction=\u00bbleft\u00bb animation_intensity_slide=\u00bb2%\u00bb border_radii=\u00bb||6px|6px|\u00bb border_width_right=\u00bb30px\u00bb border_color_right=\u00bb#8F8F8F\u00bb use_custom_width=\u00bbon\u00bb custom_width_px=\u00bb960px\u00bb locked=\u00bboff\u00bb global_colors_info=\u00bb{}\u00bb][et_pb_column type=\u00bb4_4&#8243; _builder_version=\u00bb4.16&#8243; custom_padding=\u00bb|||\u00bb custom_padding_tablet=\u00bb|||10%\u00bb custom_padding_last_edited=\u00bboff|desktop\u00bb global_colors_info=\u00bb{}\u00bb padding_tablet=\u00bb|||10%\u00bb padding_last_edited=\u00bboff|desktop\u00bb custom_padding__hover=\u00bb|||\u00bb][et_pb_text admin_label=\u00bbTitle\u00bb _builder_version=\u00bb4.16&#8243; text_font=\u00bb||||||||\u00bb header_font=\u00bb|700|||||||\u00bb header_font_size=\u00bb70px\u00bb header_line_height=\u00bb1.2em\u00bb header_3_text_align=\u00bbleft\u00bb header_3_font_size=\u00bb52px\u00bb header_4_font=\u00bb||||||||\u00bb background_layout=\u00bbdark\u00bb custom_margin=\u00bb|||\u00bb custom_padding=\u00bb|||\u00bb header_font_size_tablet=\u00bb40px\u00bb header_font_size_phone=\u00bb\u00bb header_font_size_last_edited=\u00bbon|tablet\u00bb header_3_font_size_tablet=\u00bb\u00bb header_3_font_size_phone=\u00bb28px\u00bb header_3_font_size_last_edited=\u00bbon|phone\u00bb global_colors_info=\u00bb{}\u00bb]<\/p>\n<h3>Cocinas integrales<\/h3>\n<p>[\/et_pb_text][\/et_pb_column][\/et_pb_row][\/et_pb_section][et_pb_section fb_built=\u00bb1&#8243; admin_label=\u00bbsection\u00bb _builder_version=\u00bb4.16&#8243; global_colors_info=\u00bb{}\u00bb][et_pb_row admin_label=\u00bbrow\u00bb _builder_version=\u00bb4.16&#8243; background_size=\u00bbinitial\u00bb background_position=\u00bbtop_left\u00bb background_repeat=\u00bbrepeat\u00bb global_colors_info=\u00bb{}\u00bb][et_pb_column type=\u00bb4_4&#8243; _builder_version=\u00bb4.16&#8243; custom_padding=\u00bb|||\u00bb global_colors_info=\u00bb{}\u00bb custom_padding__hover=\u00bb|||\u00bb][et_pb_text _builder_version=\u00bb4.24.3&#8243; _module_preset=\u00bbdefault\u00bb global_colors_info=\u00bb{}\u00bb]<\/p>\n<p style=\"text-align: justify;\">Somos fabricantes de cocinas integrales, Cocinas en Maderas, Cocinas en Madecor RH, Cocinas en MDF, Cocinas Modernas. cocinas econ\u00f3micas; cocinas contempor\u00e1neas. Con aplicaciones en vidrio y aluminio en sus puertas, canastas importadas cromadas, alacenas; luces incorporadas.<\/p>\n<p>La cocina es el corazon de la casa, por lo que siempre debe ser ese espacio donde quiera estar , es donde se preparan y disfrutan las cenas nocturnas, el caf\u00e9 de la ma\u00f1ana y el almuerzo en familia, diferentes actividades diarias. Despu\u00e9s de todo tal vez te hayas dado cuenta de que una renovaci\u00f3n de la cocina esta en tu lista de cosas por hacer. Ya sea que no tengas suficiente espacio de almacenamiento o simplemente quieres cambiar esa vieja cocina, te mereces una cocina hermosa y funcional. Aqu\u00ed encuentras algunas ideas de dise\u00f1os de cocinas integrales en medellin para que quieras volver a estar en ese espacio tan importante de la casa.<\/p>\n<p>Renovar la cocina es una inversi\u00f3n de dinero y tiempo por eso sabemos lo importante de trabajar con materias primas de primera calidad y en tiempos optimos con garantia de nuestros procesos y materiales.<br \/>Lo ideal es remodelar la cocina una vez\u00a0cada\u00a0diez\u00a0a\u00f1os.<\/p>\n<p>Se debe tener en cuenta al cambiar la cocina el espacio con el que cuenta para asi saber si es mejor opci\u00f3n una cocina en L o Lineal.<\/p>\n<p>El mueble superior puede ir hasta el techo para ganar mas espacio o tambien optar por un mueble auxiliar o isla donde pueda usarse como comedor. <br \/>Las torres alacenas son excelentes opciones para almacenamiento de alimentos o productos de aseo<\/p>\n<p><strong>\u00bfQue color elegir para mi cocina ?<\/strong><\/p>\n<p>las cocinas totalmente blancas o en colores claros son sencillas y sofisticadas, estos tonos claros funcionan en todos los estilos, desde el estilo r\u00fastico hasta el contempor\u00e1neo.<\/p>\n<p><strong>\u00bfPor qu\u00e9 elegir una cocina color claro o blanco?<\/strong><\/p>\n<p>Para quienes desean mantener su cocina limpia y ordenada a diario, el uso del blanco o colores claros har\u00e1 que la habitaci\u00f3n parezca m\u00e1s grande y luminosa. El blanco refleja la luz, por lo que incluso en las cocinas m\u00e1s oscuras, la fuente de luz rebotar\u00e1 en toda la habitaci\u00f3n.<\/p>\n<p>Puede crear contraste con el mes\u00f3n de granito o quartzstone ya que existen muchos colores en el mercado, el acero inoxidable tambien sera siempre una\u00a0buena\u00a0opci\u00f3n.<\/p>\n<p>[\/et_pb_text][et_pb_gallery gallery_ids=\u00bb2978,3014,2752,2751,2757,2753,2755,2749,3016,3017,1877,1878,1876,1880,1868,1649,1651,1653,1654,1655,777,778,779,780,781,782,783,784,785,786,787,788,789,790,791,792,796,797,799,800,802,803,804,805,808,809,810,821,824,836,838,840,846,848,853,854,856,857,860,879,880,882,885,889,891,894,895,896,899,901,903,905,907,909,910,911,912,913,914,915,916,917,918,919,920,921,922,923,924,925,927,928,931,932,933,934,935,936,937,938,939,940,941,943,944,945,946,947,949,950,951,952,953,954,958,960,1646,1647,1648,1650,1869,1870,1871,1872,1873,1874,1875,1879,1881,1882,1883,1884,1885,2205,2206,2207,2208,2209,2210,2211,2212,2213,2214,2215,2216,2217,2218,2219,2220,2221,2222,2224,2225,2226,2228,2229,2230,2231,2232,2233,2236,2237,2748&#8243; posts_number=\u00bb40&#8243; zoom_icon_color=\u00bb#FF0101&#8243; hover_icon=\u00bb&#x30;||divi||400&#8243; admin_label=\u00bbGaler\u00eda\u00bb _builder_version=\u00bb4.27.5&#8243; _module_preset=\u00bbdefault\u00bb border_radii_image=\u00bbon|5px|5px|5px|5px\u00bb box_shadow_style_image=\u00bbpreset2&#8243; box_shadow_horizontal_image=\u00bb4px\u00bb box_shadow_color_image=\u00bb#B3B3B3&#8243; global_colors_info=\u00bb{}\u00bb][\/et_pb_gallery][\/et_pb_column][\/et_pb_row][\/et_pb_section]<\/p>\n","protected":false},"excerpt":{"rendered":"<p>Cocinas integralesSomos fabricantes de cocinas integrales, Cocinas en Maderas, Cocinas en Madecor RH, Cocinas en MDF, Cocinas Modernas. cocinas econ\u00f3micas; cocinas contempor\u00e1neas. Con aplicaciones en vidrio y aluminio en sus puertas, canastas importadas cromadas, alacenas; luces incorporadas. La cocina es el corazon de la casa, por lo que siempre debe ser ese espacio donde quiera [&hellip;]<\/p>\n","protected":false},"author":1,"featured_media":0,"parent":0,"menu_order":0,"comment_status":"closed","ping_status":"closed","template":"","meta":{"_et_pb_use_builder":"on","_et_pb_old_content":"","_et_gb_content_width":"","footnotes":""},"class_list":["post-747","page","type-page","status-publish","hentry"],"_links":{"self":[{"href":"https:\/\/divibanoscolombia.com\/php\/wp-json\/wp\/v2\/pages\/747","targetHints":{"allow":["GET"]}}],"collection":[{"href":"https:\/\/divibanoscolombia.com\/php\/wp-json\/wp\/v2\/pages"}],"about":[{"href":"https:\/\/divibanoscolombia.com\/php\/wp-json\/wp\/v2\/types\/page"}],"author":[{"embeddable":true,"href":"https:\/\/divibanoscolombia.com\/php\/wp-json\/wp\/v2\/users\/1"}],"replies":[{"embeddable":true,"href":"https:\/\/divibanoscolombia.com\/php\/wp-json\/wp\/v2\/comments?post=747"}],"version-history":[{"count":26,"href":"https:\/\/divibanoscolombia.com\/php\/wp-json\/wp\/v2\/pages\/747\/revisions"}],"predecessor-version":[{"id":3019,"href":"https:\/\/divibanoscolombia.com\/php\/wp-json\/wp\/v2\/pages\/747\/revisions\/3019"}],"wp:attachment":[{"href":"https:\/\/divibanoscolombia.com\/php\/wp-json\/wp\/v2\/media?parent=747"}],"curies":[{"name":"wp","href":"https:\/\/api.w.org\/{rel}","templated":true}]}}