{"id":543,"date":"2021-01-26T13:33:02","date_gmt":"2021-01-26T13:33:02","guid":{"rendered":"https:\/\/divibanoscolombia.com\/php\/?page_id=543"},"modified":"2026-02-20T16:43:55","modified_gmt":"2026-02-20T16:43:55","slug":"ventanas-de-aluminio","status":"publish","type":"page","link":"https:\/\/divibanoscolombia.com\/php\/ventanas-de-aluminio\/","title":{"rendered":"Ventanas de aluminio"},"content":{"rendered":"<p>[et_pb_section fb_built=\u00bb1&#8243; fullwidth=\u00bbon\u00bb _builder_version=\u00bb4.16&#8243; _module_preset=\u00bbdefault\u00bb global_colors_info=\u00bb{}\u00bb][et_pb_fullwidth_image src=\u00bbhttps:\/\/divibanoscolombia.com\/php\/wp-content\/uploads\/2021\/01\/20171220_074937.jpg\u00bb title_text=\u00bb20171220_074937&#8243; _builder_version=\u00bb4.16&#8243; _module_preset=\u00bbdefault\u00bb global_colors_info=\u00bb{}\u00bb][\/et_pb_fullwidth_image][\/et_pb_section][et_pb_section fb_built=\u00bb1&#8243; admin_label=\u00bbPage Title Section\u00bb _builder_version=\u00bb4.16&#8243; background_color=\u00bb#ededed\u00bb background_color_gradient_direction=\u00bb115deg\u00bb background_enable_image=\u00bboff\u00bb custom_padding=\u00bb0px||0px||false|false\u00bb global_colors_info=\u00bb{}\u00bb][et_pb_row _builder_version=\u00bb4.16&#8243; background_color=\u00bb#ff0101&#8243; background_size=\u00bbinitial\u00bb background_position=\u00bbtop_left\u00bb background_repeat=\u00bbrepeat\u00bb max_width=\u00bb960px\u00bb custom_margin=\u00bb|||0px\u00bb custom_padding=\u00bb27px|40px||10%\u00bb animation_style=\u00bbslide\u00bb animation_direction=\u00bbleft\u00bb animation_intensity_slide=\u00bb2%\u00bb border_radii=\u00bb||6px|6px|\u00bb border_width_right=\u00bb30px\u00bb border_color_right=\u00bb#8F8F8F\u00bb use_custom_width=\u00bbon\u00bb custom_width_px=\u00bb960px\u00bb locked=\u00bboff\u00bb global_colors_info=\u00bb{}\u00bb][et_pb_column type=\u00bb4_4&#8243; _builder_version=\u00bb4.16&#8243; custom_padding=\u00bb|||\u00bb custom_padding_tablet=\u00bb|||10%\u00bb custom_padding_last_edited=\u00bboff|desktop\u00bb global_colors_info=\u00bb{}\u00bb padding_tablet=\u00bb|||10%\u00bb padding_last_edited=\u00bboff|desktop\u00bb custom_padding__hover=\u00bb|||\u00bb][et_pb_text admin_label=\u00bbTitle\u00bb _builder_version=\u00bb4.16&#8243; text_font=\u00bb||||||||\u00bb header_font=\u00bb|700|||||||\u00bb header_font_size=\u00bb70px\u00bb header_line_height=\u00bb1.2em\u00bb header_3_text_align=\u00bbleft\u00bb header_3_font_size=\u00bb52px\u00bb header_4_font=\u00bb||||||||\u00bb background_layout=\u00bbdark\u00bb custom_margin=\u00bb|||\u00bb custom_padding=\u00bb|||\u00bb header_font_size_tablet=\u00bb40px\u00bb header_font_size_phone=\u00bb\u00bb header_font_size_last_edited=\u00bbon|tablet\u00bb header_3_font_size_tablet=\u00bb\u00bb header_3_font_size_phone=\u00bb28px\u00bb header_3_font_size_last_edited=\u00bbon|phone\u00bb global_colors_info=\u00bb{}\u00bb]<\/p>\n<h3>Ventanas de aluminio<\/h3>\n<p>[\/et_pb_text][\/et_pb_column][\/et_pb_row][\/et_pb_section][et_pb_section fb_built=\u00bb1&#8243; admin_label=\u00bbsection\u00bb _builder_version=\u00bb4.16&#8243; global_colors_info=\u00bb{}\u00bb][et_pb_row admin_label=\u00bbrow\u00bb _builder_version=\u00bb4.16&#8243; background_size=\u00bbinitial\u00bb background_position=\u00bbtop_left\u00bb background_repeat=\u00bbrepeat\u00bb global_colors_info=\u00bb{}\u00bb][et_pb_column type=\u00bb4_4&#8243; _builder_version=\u00bb4.16&#8243; custom_padding=\u00bb|||\u00bb global_colors_info=\u00bb{}\u00bb custom_padding__hover=\u00bb|||\u00bb][et_pb_text _builder_version=\u00bb4.16&#8243; _module_preset=\u00bbdefault\u00bb global_colors_info=\u00bb{}\u00bb]<\/p>\n<p style=\"text-align: justify;\">Ventanas de aluminio para interior y exterior corredizas, proyectantes, batientes, fijas, sistemas anti ruidos, en aluminio arquitect\u00f3nico referencia 5020,744,8025,7038 (Monumentales), celos\u00edas, persianas de ventilaci\u00f3n con vidrios claros, bronce, reflectivos, vidrios grabados \u00f3 matizado con accesorios de la mejor calidad\n<\/p>\n<p>[\/et_pb_text][et_pb_gallery gallery_ids=\u00bb3002,3004,3005,1832,1824,549,550,551,552,553,554,555,556,557,558,559,560,561,562,563,564,565,566,567,568,569,570,571,572,573,574,575,576,577,578,579,580,581,582,583,584,585,586,587,588,589,590,591,592,593,594,595,596,597,598,599,600,601,602,603,604,605,606,607,608,609,610,611,612,613,614,615,616,617,618,619,620,621,622,623,624,625,626,627,628,629,630,631,632,633,634,635,636,637,638,639,640,641,642,643,644,645,646,2157,2158,2159,2160,2941,2161,2345,2346,2347,2348,2349,2350,2351,2352,2353,2354,2355,2356,2357&#8243; posts_number=\u00bb40&#8243; zoom_icon_color=\u00bb#FF0101&#8243; _builder_version=\u00bb4.27.5&#8243; _module_preset=\u00bbdefault\u00bb hover_enabled=\u00bb0&#8243; border_radii_image=\u00bbon|5px|5px|5px|5px\u00bb box_shadow_style_image=\u00bbpreset2&#8243; box_shadow_horizontal_image=\u00bb4px\u00bb box_shadow_color_image=\u00bb#B3B3B3&#8243; global_colors_info=\u00bb{}\u00bb sticky_enabled=\u00bb0&#8243; admin_label=\u00bbGaler\u00eda\u00bb][\/et_pb_gallery][\/et_pb_column][\/et_pb_row][\/et_pb_section]<\/p>\n","protected":false},"excerpt":{"rendered":"<p>Ventanas de aluminioVentanas de aluminio para interior y exterior corredizas, proyectantes, batientes, fijas, sistemas anti ruidos, en aluminio arquitect\u00f3nico referencia 5020,744,8025,7038 (Monumentales), celos\u00edas, persianas de ventilaci\u00f3n con vidrios claros, bronce, reflectivos, vidrios grabados \u00f3 matizado con accesorios de la mejor calidad<\/p>\n","protected":false},"author":1,"featured_media":544,"parent":0,"menu_order":0,"comment_status":"closed","ping_status":"closed","template":"","meta":{"_et_pb_use_builder":"on","_et_pb_old_content":"","_et_gb_content_width":"","footnotes":""},"class_list":["post-543","page","type-page","status-publish","has-post-thumbnail","hentry"],"_links":{"self":[{"href":"https:\/\/divibanoscolombia.com\/php\/wp-json\/wp\/v2\/pages\/543","targetHints":{"allow":["GET"]}}],"collection":[{"href":"https:\/\/divibanoscolombia.com\/php\/wp-json\/wp\/v2\/pages"}],"about":[{"href":"https:\/\/divibanoscolombia.com\/php\/wp-json\/wp\/v2\/types\/page"}],"author":[{"embeddable":true,"href":"https:\/\/divibanoscolombia.com\/php\/wp-json\/wp\/v2\/users\/1"}],"replies":[{"embeddable":true,"href":"https:\/\/divibanoscolombia.com\/php\/wp-json\/wp\/v2\/comments?post=543"}],"version-history":[{"count":19,"href":"https:\/\/divibanoscolombia.com\/php\/wp-json\/wp\/v2\/pages\/543\/revisions"}],"predecessor-version":[{"id":3006,"href":"https:\/\/divibanoscolombia.com\/php\/wp-json\/wp\/v2\/pages\/543\/revisions\/3006"}],"wp:featuredmedia":[{"embeddable":true,"href":"https:\/\/divibanoscolombia.com\/php\/wp-json\/wp\/v2\/media\/544"}],"wp:attachment":[{"href":"https:\/\/divibanoscolombia.com\/php\/wp-json\/wp\/v2\/media?parent=543"}],"curies":[{"name":"wp","href":"https:\/\/api.w.org\/{rel}","templated":true}]}}