{"id":250,"date":"2021-01-25T10:31:20","date_gmt":"2021-01-25T10:31:20","guid":{"rendered":"https:\/\/divibanoscolombia.com\/php\/?page_id=250"},"modified":"2023-12-10T08:20:07","modified_gmt":"2023-12-10T08:20:07","slug":"pasamanos-en-acero-y-vidrio-templado","status":"publish","type":"page","link":"https:\/\/divibanoscolombia.com\/php\/pasamanos-en-acero-y-vidrio-templado\/","title":{"rendered":"Pasamanos en acero y vidrio templado"},"content":{"rendered":"<p>[et_pb_section fb_built=\u00bb1&#8243; fullwidth=\u00bbon\u00bb _builder_version=\u00bb4.16&#8243; _module_preset=\u00bbdefault\u00bb global_colors_info=\u00bb{}\u00bb][et_pb_fullwidth_image src=\u00bbhttps:\/\/divibanoscolombia.com\/php\/wp-content\/uploads\/2021\/01\/IMG-20170503-WA0004.jpg\u00bb title_text=\u00bbIMG-20170503-WA0004&#8243; _builder_version=\u00bb4.16&#8243; _module_preset=\u00bbdefault\u00bb global_colors_info=\u00bb{}\u00bb][\/et_pb_fullwidth_image][\/et_pb_section][et_pb_section fb_built=\u00bb1&#8243; admin_label=\u00bbPage Title Section\u00bb _builder_version=\u00bb4.16&#8243; background_color=\u00bb#ededed\u00bb background_color_gradient_direction=\u00bb115deg\u00bb background_enable_image=\u00bboff\u00bb background_position=\u00bbbottom_center\u00bb custom_padding=\u00bb0px||0px||false|false\u00bb global_colors_info=\u00bb{}\u00bb][et_pb_row _builder_version=\u00bb4.16&#8243; background_color=\u00bb#ff0101&#8243; background_size=\u00bbinitial\u00bb background_position=\u00bbtop_left\u00bb background_repeat=\u00bbrepeat\u00bb max_width=\u00bb960px\u00bb custom_margin=\u00bb|||0px\u00bb custom_padding=\u00bb27px|40px||10%\u00bb animation_style=\u00bbslide\u00bb animation_direction=\u00bbleft\u00bb animation_intensity_slide=\u00bb2%\u00bb border_radii=\u00bb||6px|6px|\u00bb border_width_right=\u00bb30px\u00bb border_color_right=\u00bb#8F8F8F\u00bb use_custom_width=\u00bbon\u00bb custom_width_px=\u00bb960px\u00bb locked=\u00bboff\u00bb global_colors_info=\u00bb{}\u00bb][et_pb_column type=\u00bb4_4&#8243; _builder_version=\u00bb4.16&#8243; custom_padding=\u00bb|||\u00bb custom_padding_tablet=\u00bb|||10%\u00bb custom_padding_last_edited=\u00bboff|desktop\u00bb global_colors_info=\u00bb{}\u00bb padding_tablet=\u00bb|||10%\u00bb padding_last_edited=\u00bboff|desktop\u00bb custom_padding__hover=\u00bb|||\u00bb][et_pb_text admin_label=\u00bbTitle\u00bb _builder_version=\u00bb4.16&#8243; text_font=\u00bb||||||||\u00bb header_font=\u00bb|700|||||||\u00bb header_font_size=\u00bb70px\u00bb header_line_height=\u00bb1.2em\u00bb header_3_text_align=\u00bbleft\u00bb header_3_font_size=\u00bb52px\u00bb header_4_font=\u00bb||||||||\u00bb background_layout=\u00bbdark\u00bb custom_margin=\u00bb|||\u00bb custom_padding=\u00bb|||\u00bb header_font_size_tablet=\u00bb40px\u00bb header_font_size_phone=\u00bb\u00bb header_font_size_last_edited=\u00bbon|tablet\u00bb header_3_font_size_tablet=\u00bb\u00bb header_3_font_size_phone=\u00bb28px\u00bb header_3_font_size_last_edited=\u00bbon|phone\u00bb global_colors_info=\u00bb{}\u00bb]<\/p>\n<h3>Pasamanos en acero y vidrio templado<\/h3>\n<p>[\/et_pb_text][\/et_pb_column][\/et_pb_row][\/et_pb_section][et_pb_section fb_built=\u00bb1&#8243; admin_label=\u00bbsection\u00bb _builder_version=\u00bb4.16&#8243; global_colors_info=\u00bb{}\u00bb][et_pb_row admin_label=\u00bbrow\u00bb _builder_version=\u00bb4.16&#8243; background_size=\u00bbinitial\u00bb background_position=\u00bbtop_left\u00bb background_repeat=\u00bbrepeat\u00bb global_colors_info=\u00bb{}\u00bb][et_pb_column type=\u00bb4_4&#8243; _builder_version=\u00bb4.16&#8243; custom_padding=\u00bb|||\u00bb global_colors_info=\u00bb{}\u00bb custom_padding__hover=\u00bb|||\u00bb][et_pb_text _builder_version=\u00bb4.16&#8243; _module_preset=\u00bbdefault\u00bb global_colors_info=\u00bb{}\u00bb]<\/p>\n<p style=\"text-align: justify;\">Pasamanos en acero inoxidable  con tocetos de lujo y vidrio templado de 6 mil\u00edmetros, 8 mil\u00edmetros y 10 mil\u00edmetros. Instalado para escalas, balcones y terrazas.<\/p>\n<p>[\/et_pb_text][et_pb_gallery gallery_ids=\u00bb2047,2049,2048,1853,289,288,287,286,285,284,283,282,281,280,279,278,277,276,275,274,273,272,2296,2297,2298,2299,2300,2301,2302,2303&#8243; posts_number=\u00bb40&#8243; zoom_icon_color=\u00bb#FF0101&#8243; _builder_version=\u00bb4.23.1&#8243; _module_preset=\u00bbdefault\u00bb hover_enabled=\u00bb0&#8243; border_radii_image=\u00bbon|5px|5px|5px|5px\u00bb box_shadow_style_image=\u00bbpreset2&#8243; box_shadow_horizontal_image=\u00bb4px\u00bb box_shadow_color_image=\u00bb#B3B3B3&#8243; global_colors_info=\u00bb{}\u00bb sticky_enabled=\u00bb0&#8243;][\/et_pb_gallery][\/et_pb_column][\/et_pb_row][\/et_pb_section]<\/p>\n","protected":false},"excerpt":{"rendered":"<p>Pasamanos en acero y vidrio templadoPasamanos en acero inoxidable con tocetos de lujo y vidrio templado de 6 mil\u00edmetros, 8 mil\u00edmetros y 10 mil\u00edmetros. Instalado para escalas, balcones y terrazas.<\/p>\n","protected":false},"author":1,"featured_media":253,"parent":0,"menu_order":0,"comment_status":"closed","ping_status":"closed","template":"","meta":{"_et_pb_use_builder":"on","_et_pb_old_content":"Pasamanos o balcones fabricados con postes de acero inoxidable de 2 pulgadas, tocetos de lujo y vidrio templado de 10 milimetros instalado para escaleras y terrazas.\r\n\r\n[gallery ids=\"272,273,274,275,276,277,278,279,280,281,282,283,284,285,286,287,288,289\"]","_et_gb_content_width":"","footnotes":""},"class_list":["post-250","page","type-page","status-publish","has-post-thumbnail","hentry"],"_links":{"self":[{"href":"https:\/\/divibanoscolombia.com\/php\/wp-json\/wp\/v2\/pages\/250","targetHints":{"allow":["GET"]}}],"collection":[{"href":"https:\/\/divibanoscolombia.com\/php\/wp-json\/wp\/v2\/pages"}],"about":[{"href":"https:\/\/divibanoscolombia.com\/php\/wp-json\/wp\/v2\/types\/page"}],"author":[{"embeddable":true,"href":"https:\/\/divibanoscolombia.com\/php\/wp-json\/wp\/v2\/users\/1"}],"replies":[{"embeddable":true,"href":"https:\/\/divibanoscolombia.com\/php\/wp-json\/wp\/v2\/comments?post=250"}],"version-history":[{"count":18,"href":"https:\/\/divibanoscolombia.com\/php\/wp-json\/wp\/v2\/pages\/250\/revisions"}],"predecessor-version":[{"id":2304,"href":"https:\/\/divibanoscolombia.com\/php\/wp-json\/wp\/v2\/pages\/250\/revisions\/2304"}],"wp:featuredmedia":[{"embeddable":true,"href":"https:\/\/divibanoscolombia.com\/php\/wp-json\/wp\/v2\/media\/253"}],"wp:attachment":[{"href":"https:\/\/divibanoscolombia.com\/php\/wp-json\/wp\/v2\/media?parent=250"}],"curies":[{"name":"wp","href":"https:\/\/api.w.org\/{rel}","templated":true}]}}