{"id":131,"date":"2021-01-25T08:37:20","date_gmt":"2021-01-25T08:37:20","guid":{"rendered":"https:\/\/divibanoscolombia.com\/php\/?page_id=131"},"modified":"2021-02-02T11:21:03","modified_gmt":"2021-02-02T11:21:03","slug":"servicios","status":"publish","type":"page","link":"https:\/\/divibanoscolombia.com\/php\/servicios\/","title":{"rendered":"Servicios"},"content":{"rendered":"<p>[et_pb_section fb_built=\u00bb1&#8243; admin_label=\u00bbPage Title Section\u00bb _builder_version=\u00bb3.22&#8243; background_color_gradient_direction=\u00bb115deg\u00bb background_image=\u00bbhttps:\/\/divibanoscolombia.com\/php\/wp-content\/uploads\/2021\/01\/author_20.jpg\u00bb custom_padding=\u00bb150px||0px|\u00bb][et_pb_row _builder_version=\u00bb4.8.1&#8243; background_color=\u00bb#ff0101&#8243; background_size=\u00bbinitial\u00bb background_position=\u00bbtop_left\u00bb background_repeat=\u00bbrepeat\u00bb max_width=\u00bb960px\u00bb custom_margin=\u00bb|||0px\u00bb custom_padding=\u00bb27px|40px||10%\u00bb animation_style=\u00bbslide\u00bb animation_direction=\u00bbleft\u00bb animation_intensity_slide=\u00bb2%\u00bb border_radii=\u00bb||6px|6px|\u00bb border_width_right=\u00bb30px\u00bb border_color_right=\u00bb#8F8F8F\u00bb use_custom_width=\u00bbon\u00bb custom_width_px=\u00bb960px\u00bb locked=\u00bboff\u00bb][et_pb_column type=\u00bb4_4&#8243; _builder_version=\u00bb3.25&#8243; custom_padding=\u00bb|||\u00bb custom_padding_tablet=\u00bb|||10%\u00bb custom_padding_last_edited=\u00bboff|desktop\u00bb padding_tablet=\u00bb|||10%\u00bb padding_last_edited=\u00bboff|desktop\u00bb custom_padding__hover=\u00bb|||\u00bb][et_pb_text admin_label=\u00bbTitle\u00bb _builder_version=\u00bb4.8.2&#8243; text_font=\u00bb||||||||\u00bb header_font=\u00bb|700|||||||\u00bb header_font_size=\u00bb70px\u00bb header_line_height=\u00bb1.2em\u00bb header_3_text_align=\u00bbleft\u00bb header_3_font_size=\u00bb52px\u00bb header_4_font=\u00bb||||||||\u00bb background_layout=\u00bbdark\u00bb custom_margin=\u00bb|||\u00bb custom_padding=\u00bb|||\u00bb hover_enabled=\u00bb0&#8243; header_font_size_tablet=\u00bb40px\u00bb header_font_size_phone=\u00bb\u00bb header_font_size_last_edited=\u00bbon|tablet\u00bb header_3_font_size_last_edited=\u00bbon|phone\u00bb sticky_enabled=\u00bb0&#8243; header_3_font_size_phone=\u00bb28px\u00bb]<\/p>\n<h3>Nuestros servicios<\/h3>\n<p>[\/et_pb_text][\/et_pb_column][\/et_pb_row][\/et_pb_section][et_pb_section fb_built=\u00bb1&#8243; admin_label=\u00bbBlog Section\u00bb _builder_version=\u00bb3.22&#8243; background_color=\u00bb#f4f4f4&#8243; use_background_color_gradient=\u00bbon\u00bb background_color_gradient_start=\u00bb#f4f4f4&#8243; background_color_gradient_end=\u00bb#ffffff\u00bb background_size=\u00bbcontain\u00bb background_position=\u00bbtop_center\u00bb custom_padding=\u00bb50px||10%|||\u00bb top_divider_color=\u00bbrgba(255,255,255,0.3)\u00bb locked=\u00bboff\u00bb][et_pb_row column_structure=\u00bb1_2,1_2&#8243; _builder_version=\u00bb3.25&#8243;][et_pb_column type=\u00bb1_2&#8243; _builder_version=\u00bb3.25&#8243; custom_padding=\u00bb|||\u00bb custom_padding__hover=\u00bb|||\u00bb][et_pb_blurb title=\u00bbDomicilios\u00bb image=\u00bbhttps:\/\/divibanoscolombia.com\/php\/wp-content\/uploads\/2021\/02\/carro.jpg\u00bb _builder_version=\u00bb4.8.1&#8243; _module_preset=\u00bbdefault\u00bb background_enable_image=\u00bboff\u00bb]<\/p>\n<p style=\"text-align: justify;\">Nuestro grupo de trabajo esta enfocado al buen servicio y atenci\u00f3n oportuna de sus requerimientos.<br \/>\nBrindamos excelente servicio a domicilio. Ll\u00e1menos con anticipaci\u00f3n y programaremos una visita.<\/p>\n<p>[\/et_pb_blurb][\/et_pb_column][et_pb_column type=\u00bb1_2&#8243; _builder_version=\u00bb3.25&#8243; custom_padding=\u00bb|||\u00bb custom_padding__hover=\u00bb|||\u00bb][et_pb_blurb title=\u00bbMantenimiento postventa \u00bb image=\u00bbhttps:\/\/divibanoscolombia.com\/php\/wp-content\/uploads\/2021\/02\/mantenimiento-postventa.jpg\u00bb _builder_version=\u00bb4.8.1&#8243; _module_preset=\u00bbdefault\u00bb background_enable_image=\u00bboff\u00bb]<\/p>\n<p style=\"text-align: justify;\">En el momento en que un cliente utiliza nuestros servicios, autom\u00e1ticamente este tendr\u00e1 derecho a un servicio de mantenimiento durante un a\u00f1o, donde la mano de obra ser\u00e1 totalmente gratis.\n<\/p>\n<p>[\/et_pb_blurb][\/et_pb_column][\/et_pb_row][et_pb_row column_structure=\u00bb1_2,1_2&#8243; _builder_version=\u00bb3.25&#8243;][et_pb_column type=\u00bb1_2&#8243; _builder_version=\u00bb3.25&#8243; custom_padding=\u00bb|||\u00bb custom_padding__hover=\u00bb|||\u00bb][et_pb_blurb title=\u00bbMantenimiento\u00bb image=\u00bbhttps:\/\/divibanoscolombia.com\/php\/wp-content\/uploads\/2021\/02\/mantenimiento.jpg\u00bb _builder_version=\u00bb4.8.1&#8243; _module_preset=\u00bbdefault\u00bb background_enable_image=\u00bboff\u00bb]<\/p>\n<p style=\"text-align: justify;\">Se hace mantenimiento a ventaner\u00eda de aluminio, puertas vidrieras y divisiones de ba\u00f1o.\n<\/p>\n<p>[\/et_pb_blurb][\/et_pb_column][et_pb_column type=\u00bb1_2&#8243; _builder_version=\u00bb3.25&#8243; custom_padding=\u00bb|||\u00bb custom_padding__hover=\u00bb|||\u00bb][et_pb_blurb title=\u00bbPresupuesto y cotizaci\u00f3n\u00bb image=\u00bbhttps:\/\/divibanoscolombia.com\/php\/wp-content\/uploads\/2021\/02\/cotizacion.jpg\u00bb _builder_version=\u00bb4.8.1&#8243; _module_preset=\u00bbdefault\u00bb background_enable_image=\u00bboff\u00bb]<\/p>\n<p style=\"text-align: justify;\">Presupuesto o cotizaci\u00f3n sin compromiso.<\/p>\n<p>[\/et_pb_blurb][\/et_pb_column][\/et_pb_row][\/et_pb_section]<\/p>\n","protected":false},"excerpt":{"rendered":"<p>Nuestros serviciosNuestro grupo de trabajo esta enfocado al buen servicio y atenci\u00f3n oportuna de sus requerimientos. Brindamos excelente servicio a domicilio. Ll\u00e1menos con anticipaci\u00f3n y programaremos una visita.En el momento en que un cliente utiliza nuestros servicios, autom\u00e1ticamente este tendr\u00e1 derecho a un servicio de mantenimiento durante un a\u00f1o, donde la mano de obra ser\u00e1 [&hellip;]<\/p>\n","protected":false},"author":1,"featured_media":0,"parent":0,"menu_order":0,"comment_status":"closed","ping_status":"closed","template":"","meta":{"_et_pb_use_builder":"on","_et_pb_old_content":"","_et_gb_content_width":"","footnotes":""},"class_list":["post-131","page","type-page","status-publish","hentry"],"_links":{"self":[{"href":"https:\/\/divibanoscolombia.com\/php\/wp-json\/wp\/v2\/pages\/131","targetHints":{"allow":["GET"]}}],"collection":[{"href":"https:\/\/divibanoscolombia.com\/php\/wp-json\/wp\/v2\/pages"}],"about":[{"href":"https:\/\/divibanoscolombia.com\/php\/wp-json\/wp\/v2\/types\/page"}],"author":[{"embeddable":true,"href":"https:\/\/divibanoscolombia.com\/php\/wp-json\/wp\/v2\/users\/1"}],"replies":[{"embeddable":true,"href":"https:\/\/divibanoscolombia.com\/php\/wp-json\/wp\/v2\/comments?post=131"}],"version-history":[{"count":7,"href":"https:\/\/divibanoscolombia.com\/php\/wp-json\/wp\/v2\/pages\/131\/revisions"}],"predecessor-version":[{"id":1511,"href":"https:\/\/divibanoscolombia.com\/php\/wp-json\/wp\/v2\/pages\/131\/revisions\/1511"}],"wp:attachment":[{"href":"https:\/\/divibanoscolombia.com\/php\/wp-json\/wp\/v2\/media?parent=131"}],"curies":[{"name":"wp","href":"https:\/\/api.w.org\/{rel}","templated":true}]}}