{"id":1130,"date":"2021-02-01T22:10:58","date_gmt":"2021-02-01T22:10:58","guid":{"rendered":"https:\/\/divibanoscolombia.com\/php\/?page_id=1130"},"modified":"2026-02-23T14:39:53","modified_gmt":"2026-02-23T14:39:53","slug":"muebles-para-lavamanos","status":"publish","type":"page","link":"https:\/\/divibanoscolombia.com\/php\/muebles-para-lavamanos\/","title":{"rendered":"Muebles para lavamanos"},"content":{"rendered":"<p>[et_pb_section fb_built=\u00bb1&#8243; fullwidth=\u00bbon\u00bb _builder_version=\u00bb4.16&#8243; _module_preset=\u00bbdefault\u00bb global_colors_info=\u00bb{}\u00bb][et_pb_fullwidth_image src=\u00bbhttps:\/\/divibanoscolombia.com\/php\/wp-content\/uploads\/2021\/02\/banner-lavamanos.jpg\u00bb title_text=\u00bbbanner-lavamanos\u00bb _builder_version=\u00bb4.16&#8243; _module_preset=\u00bbdefault\u00bb custom_padding=\u00bb||0px|||\u00bb global_colors_info=\u00bb{}\u00bb][\/et_pb_fullwidth_image][\/et_pb_section][et_pb_section fb_built=\u00bb1&#8243; admin_label=\u00bbPage Title Section\u00bb _builder_version=\u00bb4.16&#8243; background_color=\u00bb#ededed\u00bb background_color_gradient_direction=\u00bb115deg\u00bb background_enable_image=\u00bboff\u00bb custom_padding=\u00bb0px||0px||false|false\u00bb global_colors_info=\u00bb{}\u00bb][et_pb_row _builder_version=\u00bb4.16&#8243; background_color=\u00bb#ff0101&#8243; background_size=\u00bbinitial\u00bb background_position=\u00bbtop_left\u00bb background_repeat=\u00bbrepeat\u00bb max_width=\u00bb960px\u00bb custom_margin=\u00bb|||0px\u00bb custom_padding=\u00bb27px|40px||10%\u00bb animation_style=\u00bbslide\u00bb animation_direction=\u00bbleft\u00bb animation_intensity_slide=\u00bb2%\u00bb border_radii=\u00bb||6px|6px|\u00bb border_width_right=\u00bb30px\u00bb border_color_right=\u00bb#8F8F8F\u00bb use_custom_width=\u00bbon\u00bb custom_width_px=\u00bb960px\u00bb locked=\u00bboff\u00bb global_colors_info=\u00bb{}\u00bb][et_pb_column type=\u00bb4_4&#8243; _builder_version=\u00bb4.16&#8243; custom_padding=\u00bb|||\u00bb custom_padding_tablet=\u00bb|||10%\u00bb custom_padding_last_edited=\u00bboff|desktop\u00bb global_colors_info=\u00bb{}\u00bb padding_tablet=\u00bb|||10%\u00bb padding_last_edited=\u00bboff|desktop\u00bb custom_padding__hover=\u00bb|||\u00bb][et_pb_text admin_label=\u00bbTitle\u00bb _builder_version=\u00bb4.16&#8243; text_font=\u00bb||||||||\u00bb header_font=\u00bb|700|||||||\u00bb header_font_size=\u00bb70px\u00bb header_line_height=\u00bb1.2em\u00bb header_3_text_align=\u00bbleft\u00bb header_3_font_size=\u00bb52px\u00bb header_4_font=\u00bb||||||||\u00bb background_layout=\u00bbdark\u00bb custom_margin=\u00bb|||\u00bb custom_padding=\u00bb|||\u00bb header_font_size_tablet=\u00bb40px\u00bb header_font_size_phone=\u00bb\u00bb header_font_size_last_edited=\u00bbon|tablet\u00bb header_3_font_size_tablet=\u00bb\u00bb header_3_font_size_phone=\u00bb28px\u00bb header_3_font_size_last_edited=\u00bbon|phone\u00bb global_colors_info=\u00bb{}\u00bb]<\/p>\n<h3>Muebles para lavamanos<\/h3>\n<p>[\/et_pb_text][\/et_pb_column][\/et_pb_row][\/et_pb_section][et_pb_section fb_built=\u00bb1&#8243; admin_label=\u00bbsection\u00bb _builder_version=\u00bb4.16&#8243; global_colors_info=\u00bb{}\u00bb][et_pb_row admin_label=\u00bbrow\u00bb _builder_version=\u00bb4.16&#8243; background_size=\u00bbinitial\u00bb background_position=\u00bbtop_left\u00bb background_repeat=\u00bbrepeat\u00bb global_colors_info=\u00bb{}\u00bb][et_pb_column type=\u00bb4_4&#8243; _builder_version=\u00bb4.16&#8243; custom_padding=\u00bb|||\u00bb global_colors_info=\u00bb{}\u00bb custom_padding__hover=\u00bb|||\u00bb][et_pb_text _builder_version=\u00bb4.16&#8243; _module_preset=\u00bbdefault\u00bb global_colors_info=\u00bb{}\u00bb]<\/p>\n<p style=\"text-align: justify;\">Muebles para ba\u00f1o, muebles para lavamanos fabricados en Madecor RH, Madera o MDF con mes\u00f3n en M\u00e1rmol, mes\u00f3n en Granito natural o Quartzstone con cajones o puertas, flotantes o con patas de acero.<\/p>\n<p>[\/et_pb_text][et_pb_gallery gallery_ids=\u00bb2845,2841,2824,2823,2864,2868,2866,2867,2986,3007,3009,3010,2870,2872,2873,2825,2790,1856,1156,1855,2291,2820,2818,2821,2293,2786,2022,1857,1858,1859,1146,1148,1149,1150,1151,1152,1153,1154,1155,1157,1158,1159,1161,2787,1163,1164,1165,1166,1178,1180,1185,1186,1188,1191,1192,1170,2274,2275,2276,2277,2279,2280,2281,2283,2284,2286,2287,2288,2289,2290,2292,2784&#8243; posts_number=\u00bb40&#8243; zoom_icon_color=\u00bb#FF0101&#8243; _builder_version=\u00bb4.27.5&#8243; _module_preset=\u00bbdefault\u00bb hover_enabled=\u00bb0&#8243; border_radii_image=\u00bbon|5px|5px|5px|5px\u00bb box_shadow_style_image=\u00bbpreset2&#8243; box_shadow_horizontal_image=\u00bb4px\u00bb box_shadow_color_image=\u00bb#B3B3B3&#8243; global_colors_info=\u00bb{}\u00bb sticky_enabled=\u00bb0&#8243;][\/et_pb_gallery][\/et_pb_column][\/et_pb_row][\/et_pb_section]<\/p>\n","protected":false},"excerpt":{"rendered":"<p>Muebles para lavamanosMuebles para ba\u00f1o, muebles para lavamanos fabricados en Madecor RH, Madera o MDF con mes\u00f3n en M\u00e1rmol, mes\u00f3n en Granito natural o Quartzstone con cajones o puertas, flotantes o con patas de acero.<\/p>\n","protected":false},"author":1,"featured_media":0,"parent":0,"menu_order":0,"comment_status":"closed","ping_status":"closed","template":"","meta":{"_et_pb_use_builder":"on","_et_pb_old_content":"","_et_gb_content_width":"","footnotes":""},"class_list":["post-1130","page","type-page","status-publish","hentry"],"_links":{"self":[{"href":"https:\/\/divibanoscolombia.com\/php\/wp-json\/wp\/v2\/pages\/1130","targetHints":{"allow":["GET"]}}],"collection":[{"href":"https:\/\/divibanoscolombia.com\/php\/wp-json\/wp\/v2\/pages"}],"about":[{"href":"https:\/\/divibanoscolombia.com\/php\/wp-json\/wp\/v2\/types\/page"}],"author":[{"embeddable":true,"href":"https:\/\/divibanoscolombia.com\/php\/wp-json\/wp\/v2\/users\/1"}],"replies":[{"embeddable":true,"href":"https:\/\/divibanoscolombia.com\/php\/wp-json\/wp\/v2\/comments?post=1130"}],"version-history":[{"count":30,"href":"https:\/\/divibanoscolombia.com\/php\/wp-json\/wp\/v2\/pages\/1130\/revisions"}],"predecessor-version":[{"id":3011,"href":"https:\/\/divibanoscolombia.com\/php\/wp-json\/wp\/v2\/pages\/1130\/revisions\/3011"}],"wp:attachment":[{"href":"https:\/\/divibanoscolombia.com\/php\/wp-json\/wp\/v2\/media?parent=1130"}],"curies":[{"name":"wp","href":"https:\/\/api.w.org\/{rel}","templated":true}]}}